{"id":8184,"date":"2022-12-17T11:58:52","date_gmt":"2022-12-17T11:58:52","guid":{"rendered":"https:\/\/mateksmakina.com\/products\/phyllo-line-machine\/"},"modified":"2023-02-06T17:32:27","modified_gmt":"2023-02-06T17:32:27","slug":"yufka-hatti-makinesi","status":"publish","type":"product","link":"https:\/\/mateksmakina.com\/tr\/tum-mateks-urunleri\/yufka-hatti-makinesi\/","title":{"rendered":"Yufka Hatt\u0131 Makinesi"},"content":{"rendered":"","protected":false},"excerpt":{"rendered":"<h2>Yufka Hatt\u0131 Makineleri<\/h2>\n<table>\n<tbody>\n<tr>\n<td>Boyutlar:<\/td>\n<td>23500x2000x2000mm<\/td>\n<\/tr>\n<tr>\n<td>G\u00fc\u00e7:<\/td>\n<td>15Kw\/380V<\/td>\n<\/tr>\n<tr>\n<td>Frekans:<\/td>\n<td>50-60Hz<\/td>\n<\/tr>\n<tr>\n<td>Kapasite:<\/td>\n<td>1200-2000 Pcs\/Saat<\/td>\n<\/tr>\n<tr>\n<td>Net A\u011f\u0131rl\u0131k:<\/td>\n<td>3100Kg<\/td>\n<\/tr>\n<\/tbody>\n<\/table>\n[button et_class=\"\" target=\"_blank\" style=\"medium\" url=\"https:\/\/mateksmakina.com\/_machine-pdf\/en\/phyllo-line-yh-22-EN.pdf\" icon=\"\" title=\"Makine Detaylar\u0131n\u0131 \u0130ndirin\"]\n","protected":false},"featured_media":8089,"template":"","meta":[],"etheme_brands":[{"term_id":177,"name":"Mateks","slug":"mateks-tr","term_group":0,"term_taxonomy_id":177,"taxonomy":"brand","description":"","parent":0,"count":25,"filter":"raw"}],"product_brand":[],"product_cat":[142],"product_tag":[],"class_list":{"0":"post-8184","1":"product","2":"type-product","3":"status-publish","4":"has-post-thumbnail","6":"brand-mateks-tr","7":"product_cat-yufka-hatti-makineleri","9":"first","10":"instock","11":"shipping-taxable","12":"product-type-simple"},"yoast_head":"<!-- This site is optimized with the Yoast SEO plugin v26.6 - https:\/\/yoast.com\/wordpress\/plugins\/seo\/ -->\n<title>Yufka Hatt\u0131 Makinesi | Mateks Makina<\/title>\n<meta name=\"description\" content=\"Yufka Hatt\u0131 Makinesi, Mateks Makina\" \/>\n<meta name=\"robots\" content=\"index, follow, max-snippet:-1, max-image-preview:large, max-video-preview:-1\" \/>\n<link rel=\"canonical\" href=\"https:\/\/mateksmakina.com\/tr\/tum-mateks-urunleri\/yufka-hatti-makinesi\/\" \/>\n<meta property=\"og:locale\" content=\"tr_TR\" \/>\n<meta property=\"og:type\" content=\"article\" \/>\n<meta property=\"og:title\" content=\"Yufka Hatt\u0131 Makinesi | Mateks Makina\" \/>\n<meta property=\"og:description\" content=\"Yufka Hatt\u0131 Makinesi, Mateks Makina\" \/>\n<meta property=\"og:url\" content=\"https:\/\/mateksmakina.com\/tr\/tum-mateks-urunleri\/yufka-hatti-makinesi\/\" \/>\n<meta property=\"og:site_name\" content=\"Mateks Machine\" \/>\n<meta property=\"article:publisher\" content=\"https:\/\/www.facebook.com\/mateksmakinasanayi\/\" \/>\n<meta property=\"article:modified_time\" content=\"2023-02-06T17:32:27+00:00\" \/>\n<meta property=\"og:image\" content=\"https:\/\/mateksmakina.com\/wp-content\/uploads\/2022\/12\/Phyllo-Line-Machine-01.jpg\" \/>\n\t<meta property=\"og:image:width\" content=\"1000\" \/>\n\t<meta property=\"og:image:height\" content=\"1000\" \/>\n\t<meta property=\"og:image:type\" content=\"image\/jpeg\" \/>\n<meta name=\"twitter:card\" content=\"summary_large_image\" \/>\n<script type=\"application\/ld+json\" class=\"yoast-schema-graph\">{\"@context\":\"https:\/\/schema.org\",\"@graph\":[{\"@type\":\"WebPage\",\"@id\":\"https:\/\/mateksmakina.com\/tr\/tum-mateks-urunleri\/yufka-hatti-makinesi\/\",\"url\":\"https:\/\/mateksmakina.com\/tr\/tum-mateks-urunleri\/yufka-hatti-makinesi\/\",\"name\":\"Yufka Hatt\u0131 Makinesi | Mateks Makina\",\"isPartOf\":{\"@id\":\"https:\/\/mateksmakina.com\/#website\"},\"primaryImageOfPage\":{\"@id\":\"https:\/\/mateksmakina.com\/tr\/tum-mateks-urunleri\/yufka-hatti-makinesi\/#primaryimage\"},\"image\":{\"@id\":\"https:\/\/mateksmakina.com\/tr\/tum-mateks-urunleri\/yufka-hatti-makinesi\/#primaryimage\"},\"thumbnailUrl\":\"https:\/\/mateksmakina.com\/wp-content\/uploads\/2022\/12\/Phyllo-Line-Machine-01.jpg\",\"datePublished\":\"2022-12-17T11:58:52+00:00\",\"dateModified\":\"2023-02-06T17:32:27+00:00\",\"description\":\"Yufka Hatt\u0131 Makinesi, Mateks Makina\",\"breadcrumb\":{\"@id\":\"https:\/\/mateksmakina.com\/tr\/tum-mateks-urunleri\/yufka-hatti-makinesi\/#breadcrumb\"},\"inLanguage\":\"tr\",\"potentialAction\":[{\"@type\":\"ReadAction\",\"target\":[\"https:\/\/mateksmakina.com\/tr\/tum-mateks-urunleri\/yufka-hatti-makinesi\/\"]}]},{\"@type\":\"ImageObject\",\"inLanguage\":\"tr\",\"@id\":\"https:\/\/mateksmakina.com\/tr\/tum-mateks-urunleri\/yufka-hatti-makinesi\/#primaryimage\",\"url\":\"https:\/\/mateksmakina.com\/wp-content\/uploads\/2022\/12\/Phyllo-Line-Machine-01.jpg\",\"contentUrl\":\"https:\/\/mateksmakina.com\/wp-content\/uploads\/2022\/12\/Phyllo-Line-Machine-01.jpg\",\"width\":1000,\"height\":1000,\"caption\":\"Yufka Hatt\u0131 Makinas\u0131\"},{\"@type\":\"BreadcrumbList\",\"@id\":\"https:\/\/mateksmakina.com\/tr\/tum-mateks-urunleri\/yufka-hatti-makinesi\/#breadcrumb\",\"itemListElement\":[{\"@type\":\"ListItem\",\"position\":1,\"name\":\"Mateks\",\"item\":\"https:\/\/mateksmakina.com\/tr\/\"},{\"@type\":\"ListItem\",\"position\":2,\"name\":\"Products\",\"item\":\"https:\/\/mateksmakina.com\/products\/\"},{\"@type\":\"ListItem\",\"position\":3,\"name\":\"Yufka Hatt\u0131 Makinesi\"}]},{\"@type\":\"WebSite\",\"@id\":\"https:\/\/mateksmakina.com\/#website\",\"url\":\"https:\/\/mateksmakina.com\/\",\"name\":\"Mateks Machine\",\"description\":\"Dough Filled Mateks\",\"publisher\":{\"@id\":\"https:\/\/mateksmakina.com\/#organization\"},\"alternateName\":\"Mateks Makine\",\"potentialAction\":[{\"@type\":\"SearchAction\",\"target\":{\"@type\":\"EntryPoint\",\"urlTemplate\":\"https:\/\/mateksmakina.com\/?s={search_term_string}\"},\"query-input\":{\"@type\":\"PropertyValueSpecification\",\"valueRequired\":true,\"valueName\":\"search_term_string\"}}],\"inLanguage\":\"tr\"},{\"@type\":\"Organization\",\"@id\":\"https:\/\/mateksmakina.com\/#organization\",\"name\":\"Mateks Makine\",\"alternateName\":\"Mateks Makine\",\"url\":\"https:\/\/mateksmakina.com\/\",\"logo\":{\"@type\":\"ImageObject\",\"inLanguage\":\"tr\",\"@id\":\"https:\/\/mateksmakina.com\/#\/schema\/logo\/image\/\",\"url\":\"https:\/\/mateksmakina.com\/wp-content\/uploads\/2022\/11\/mateks-makina-logo.png\",\"contentUrl\":\"https:\/\/mateksmakina.com\/wp-content\/uploads\/2022\/11\/mateks-makina-logo.png\",\"width\":564,\"height\":133,\"caption\":\"Mateks Makine\"},\"image\":{\"@id\":\"https:\/\/mateksmakina.com\/#\/schema\/logo\/image\/\"},\"sameAs\":[\"https:\/\/www.facebook.com\/mateksmakinasanayi\/\",\"https:\/\/www.instagram.com\/mateksmakina\/\",\"https:\/\/www.youtube.com\/user\/mateksmakina\"]}]}<\/script>\n<!-- \/ Yoast SEO plugin. -->","yoast_head_json":{"title":"Yufka Hatt\u0131 Makinesi | Mateks Makina","description":"Yufka Hatt\u0131 Makinesi, Mateks Makina","robots":{"index":"index","follow":"follow","max-snippet":"max-snippet:-1","max-image-preview":"max-image-preview:large","max-video-preview":"max-video-preview:-1"},"canonical":"https:\/\/mateksmakina.com\/tr\/tum-mateks-urunleri\/yufka-hatti-makinesi\/","og_locale":"tr_TR","og_type":"article","og_title":"Yufka Hatt\u0131 Makinesi | Mateks Makina","og_description":"Yufka Hatt\u0131 Makinesi, Mateks Makina","og_url":"https:\/\/mateksmakina.com\/tr\/tum-mateks-urunleri\/yufka-hatti-makinesi\/","og_site_name":"Mateks Machine","article_publisher":"https:\/\/www.facebook.com\/mateksmakinasanayi\/","article_modified_time":"2023-02-06T17:32:27+00:00","og_image":[{"width":1000,"height":1000,"url":"https:\/\/mateksmakina.com\/wp-content\/uploads\/2022\/12\/Phyllo-Line-Machine-01.jpg","type":"image\/jpeg"}],"twitter_card":"summary_large_image","schema":{"@context":"https:\/\/schema.org","@graph":[{"@type":"WebPage","@id":"https:\/\/mateksmakina.com\/tr\/tum-mateks-urunleri\/yufka-hatti-makinesi\/","url":"https:\/\/mateksmakina.com\/tr\/tum-mateks-urunleri\/yufka-hatti-makinesi\/","name":"Yufka Hatt\u0131 Makinesi | Mateks Makina","isPartOf":{"@id":"https:\/\/mateksmakina.com\/#website"},"primaryImageOfPage":{"@id":"https:\/\/mateksmakina.com\/tr\/tum-mateks-urunleri\/yufka-hatti-makinesi\/#primaryimage"},"image":{"@id":"https:\/\/mateksmakina.com\/tr\/tum-mateks-urunleri\/yufka-hatti-makinesi\/#primaryimage"},"thumbnailUrl":"https:\/\/mateksmakina.com\/wp-content\/uploads\/2022\/12\/Phyllo-Line-Machine-01.jpg","datePublished":"2022-12-17T11:58:52+00:00","dateModified":"2023-02-06T17:32:27+00:00","description":"Yufka Hatt\u0131 Makinesi, Mateks Makina","breadcrumb":{"@id":"https:\/\/mateksmakina.com\/tr\/tum-mateks-urunleri\/yufka-hatti-makinesi\/#breadcrumb"},"inLanguage":"tr","potentialAction":[{"@type":"ReadAction","target":["https:\/\/mateksmakina.com\/tr\/tum-mateks-urunleri\/yufka-hatti-makinesi\/"]}]},{"@type":"ImageObject","inLanguage":"tr","@id":"https:\/\/mateksmakina.com\/tr\/tum-mateks-urunleri\/yufka-hatti-makinesi\/#primaryimage","url":"https:\/\/mateksmakina.com\/wp-content\/uploads\/2022\/12\/Phyllo-Line-Machine-01.jpg","contentUrl":"https:\/\/mateksmakina.com\/wp-content\/uploads\/2022\/12\/Phyllo-Line-Machine-01.jpg","width":1000,"height":1000,"caption":"Yufka Hatt\u0131 Makinas\u0131"},{"@type":"BreadcrumbList","@id":"https:\/\/mateksmakina.com\/tr\/tum-mateks-urunleri\/yufka-hatti-makinesi\/#breadcrumb","itemListElement":[{"@type":"ListItem","position":1,"name":"Mateks","item":"https:\/\/mateksmakina.com\/tr\/"},{"@type":"ListItem","position":2,"name":"Products","item":"https:\/\/mateksmakina.com\/products\/"},{"@type":"ListItem","position":3,"name":"Yufka Hatt\u0131 Makinesi"}]},{"@type":"WebSite","@id":"https:\/\/mateksmakina.com\/#website","url":"https:\/\/mateksmakina.com\/","name":"Mateks Machine","description":"Dough Filled Mateks","publisher":{"@id":"https:\/\/mateksmakina.com\/#organization"},"alternateName":"Mateks Makine","potentialAction":[{"@type":"SearchAction","target":{"@type":"EntryPoint","urlTemplate":"https:\/\/mateksmakina.com\/?s={search_term_string}"},"query-input":{"@type":"PropertyValueSpecification","valueRequired":true,"valueName":"search_term_string"}}],"inLanguage":"tr"},{"@type":"Organization","@id":"https:\/\/mateksmakina.com\/#organization","name":"Mateks Makine","alternateName":"Mateks Makine","url":"https:\/\/mateksmakina.com\/","logo":{"@type":"ImageObject","inLanguage":"tr","@id":"https:\/\/mateksmakina.com\/#\/schema\/logo\/image\/","url":"https:\/\/mateksmakina.com\/wp-content\/uploads\/2022\/11\/mateks-makina-logo.png","contentUrl":"https:\/\/mateksmakina.com\/wp-content\/uploads\/2022\/11\/mateks-makina-logo.png","width":564,"height":133,"caption":"Mateks Makine"},"image":{"@id":"https:\/\/mateksmakina.com\/#\/schema\/logo\/image\/"},"sameAs":["https:\/\/www.facebook.com\/mateksmakinasanayi\/","https:\/\/www.instagram.com\/mateksmakina\/","https:\/\/www.youtube.com\/user\/mateksmakina"]}]}},"_links":{"self":[{"href":"https:\/\/mateksmakina.com\/tr\/wp-json\/wp\/v2\/product\/8184","targetHints":{"allow":["GET"]}}],"collection":[{"href":"https:\/\/mateksmakina.com\/tr\/wp-json\/wp\/v2\/product"}],"about":[{"href":"https:\/\/mateksmakina.com\/tr\/wp-json\/wp\/v2\/types\/product"}],"version-history":[{"count":0,"href":"https:\/\/mateksmakina.com\/tr\/wp-json\/wp\/v2\/product\/8184\/revisions"}],"wp:featuredmedia":[{"embeddable":true,"href":"https:\/\/mateksmakina.com\/tr\/wp-json\/wp\/v2\/media\/8089"}],"wp:attachment":[{"href":"https:\/\/mateksmakina.com\/tr\/wp-json\/wp\/v2\/media?parent=8184"}],"wp:term":[{"taxonomy":"brand","embeddable":true,"href":"https:\/\/mateksmakina.com\/tr\/wp-json\/wp\/v2\/etheme_brands?post=8184"},{"taxonomy":"product_brand","embeddable":true,"href":"https:\/\/mateksmakina.com\/tr\/wp-json\/wp\/v2\/product_brand?post=8184"},{"taxonomy":"product_cat","embeddable":true,"href":"https:\/\/mateksmakina.com\/tr\/wp-json\/wp\/v2\/product_cat?post=8184"},{"taxonomy":"product_tag","embeddable":true,"href":"https:\/\/mateksmakina.com\/tr\/wp-json\/wp\/v2\/product_tag?post=8184"}],"curies":[{"name":"wp","href":"https:\/\/api.w.org\/{rel}","templated":true}]}}