{"id":9092,"date":"2022-11-22T08:18:05","date_gmt":"2022-11-22T08:18:05","guid":{"rendered":"https:\/\/mateksmakina.com\/insan-kaynaklari\/"},"modified":"2023-08-03T19:28:02","modified_gmt":"2023-08-03T19:28:02","slug":"insan-kaynaklari","status":"publish","type":"page","link":"https:\/\/mateksmakina.com\/tr\/insan-kaynaklari\/","title":{"rendered":"\u0130nsan Kaynaklar\u0131"},"content":{"rendered":"\t\t<div data-elementor-type=\"wp-page\" data-elementor-id=\"9092\" class=\"elementor elementor-9092 elementor-7277\" data-elementor-settings=\"{&quot;ha_cmc_init_switcher&quot;:&quot;no&quot;}\">\n\t\t\t\t\t\t<section class=\"elementor-section elementor-top-section elementor-element elementor-element-97f04ed elementor-section-boxed elementor-section-height-default elementor-section-height-default\" data-id=\"97f04ed\" data-element_type=\"section\" data-e-type=\"section\" data-settings=\"{&quot;_ha_eqh_enable&quot;:false}\">\n\t\t\t\t\t\t<div class=\"elementor-container elementor-column-gap-default\">\n\t\t\t\t\t<div class=\"elementor-column elementor-col-100 elementor-top-column elementor-element elementor-element-30c64d2\" data-id=\"30c64d2\" data-element_type=\"column\" data-e-type=\"column\">\n\t\t\t<div class=\"elementor-widget-wrap elementor-element-populated\">\n\t\t\t\t\t\t<div class=\"elementor-element elementor-element-442c73b elementor-widget elementor-widget-heading\" data-id=\"442c73b\" data-element_type=\"widget\" data-e-type=\"widget\" data-widget_type=\"heading.default\">\n\t\t\t\t<div class=\"elementor-widget-container\">\n\t\t\t\t\t<h1 class=\"elementor-heading-title elementor-size-default\">Kariyer<\/h1>\t\t\t\t<\/div>\n\t\t\t\t<\/div>\n\t\t\t\t<section class=\"elementor-section elementor-inner-section elementor-element elementor-element-9774733 elementor-section-boxed elementor-section-height-default elementor-section-height-default\" data-id=\"9774733\" data-element_type=\"section\" data-e-type=\"section\" data-settings=\"{&quot;_ha_eqh_enable&quot;:false}\">\n\t\t\t\t\t\t<div class=\"elementor-container elementor-column-gap-default\">\n\t\t\t\t\t<div class=\"elementor-column elementor-col-100 elementor-inner-column elementor-element elementor-element-fb329a3\" data-id=\"fb329a3\" data-element_type=\"column\" data-e-type=\"column\">\n\t\t\t<div class=\"elementor-widget-wrap elementor-element-populated\">\n\t\t\t\t\t\t<div class=\"elementor-element elementor-element-8924424 etheme-contact-form-7-button-custom elementor-widget elementor-widget-et-contact-form-7\" data-id=\"8924424\" data-element_type=\"widget\" data-e-type=\"widget\" data-widget_type=\"et-contact-form-7.default\">\n\t\t\t\t<div class=\"elementor-widget-container\">\n\t\t\t\t\t                <div class=\"pp-contact-form etheme-contact-form-7 placeholder-show\">\n                                        \n<div class=\"wpcf7 no-js\" id=\"wpcf7-f8321-o1\" lang=\"tr-TR\" dir=\"ltr\" data-wpcf7-id=\"8321\">\n<div class=\"screen-reader-response\"><p role=\"status\" aria-live=\"polite\" aria-atomic=\"true\"><\/p> <ul><\/ul><\/div>\n<form action=\"\/tr\/wp-json\/wp\/v2\/pages\/9092#wpcf7-f8321-o1\" method=\"post\" class=\"wpcf7-form init\" aria-label=\"\u0130leti\u015fim Formu\" enctype=\"multipart\/form-data\" novalidate=\"novalidate\" data-status=\"init\">\n<fieldset class=\"hidden-fields-container\"><input type=\"hidden\" name=\"_wpcf7\" value=\"8321\" \/><input type=\"hidden\" name=\"_wpcf7_version\" value=\"6.1.5\" \/><input type=\"hidden\" name=\"_wpcf7_locale\" value=\"tr_TR\" \/><input type=\"hidden\" name=\"_wpcf7_unit_tag\" value=\"wpcf7-f8321-o1\" \/><input type=\"hidden\" name=\"_wpcf7_container_post\" value=\"0\" \/><input type=\"hidden\" name=\"_wpcf7_posted_data_hash\" value=\"\" \/>\n<\/fieldset>\n<div class=\"col-lg-4 col-md-4 col-sm-4 col-xs-12\">\n\t<p><span class=\"wpcf7-form-control-wrap\" data-name=\"text-fullname\"><input size=\"40\" maxlength=\"400\" class=\"wpcf7-form-control wpcf7-text wpcf7-validates-as-required\" aria-required=\"true\" aria-invalid=\"false\" placeholder=\"Ad\u0131n\u0131z - Soyad\u0131n\u0131z\" value=\"\" type=\"text\" name=\"text-fullname\" \/><\/span>\n\t<\/p>\n<\/div>\n<div class=\"col-lg-4 col-md-4 col-sm-4 col-xs-12\">\n\t<p><span class=\"wpcf7-form-control-wrap\" data-name=\"place-of-birth\"><input size=\"40\" maxlength=\"400\" class=\"wpcf7-form-control wpcf7-text wpcf7-validates-as-required\" aria-required=\"true\" aria-invalid=\"false\" placeholder=\"Do\u011fum Tarihi\" value=\"\" type=\"text\" name=\"place-of-birth\" \/><\/span>\n\t<\/p>\n<\/div>\n<div class=\"col-lg-4 col-md-4 col-sm-4 col-xs-12\">\n\t<p><span class=\"wpcf7-form-control-wrap\" data-name=\"date-of-birth\"><input class=\"wpcf7-form-control wpcf7-date wpcf7-validates-as-required wpcf7-validates-as-date\" aria-required=\"true\" aria-invalid=\"false\" value=\"Do\u011fum Tarihi\" type=\"date\" name=\"date-of-birth\" \/><\/span>\n\t<\/p>\n<\/div>\n<div class=\"col-lg-6 col-md-6 col-sm-6 col-xs-12\">\n\t<p><span class=\"wpcf7-form-control-wrap\" data-name=\"text-phone\"><input size=\"40\" maxlength=\"400\" class=\"wpcf7-form-control wpcf7-text wpcf7-validates-as-required\" aria-required=\"true\" aria-invalid=\"false\" placeholder=\"Telefon\" value=\"\" type=\"text\" name=\"text-phone\" \/><\/span>\n\t<\/p>\n<\/div>\n<div class=\"col-lg-6 col-md-6 col-sm-6 col-xs-12\">\n\t<p><span class=\"wpcf7-form-control-wrap\" data-name=\"email-126\"><input size=\"40\" maxlength=\"400\" class=\"wpcf7-form-control wpcf7-email wpcf7-validates-as-required wpcf7-text wpcf7-validates-as-email\" aria-required=\"true\" aria-invalid=\"false\" placeholder=\"E-Posta\" value=\"\" type=\"email\" name=\"email-126\" \/><\/span>\n\t<\/p>\n<\/div>\n<div class=\"col-lg-12 col-md-12 col-sm-12 col-xs-12\">\n\t<p><span class=\"wpcf7-form-control-wrap\" data-name=\"address\"><textarea cols=\"40\" rows=\"10\" maxlength=\"2000\" class=\"wpcf7-form-control wpcf7-textarea wpcf7-validates-as-required\" aria-required=\"true\" aria-invalid=\"false\" placeholder=\"Adres\" name=\"address\"><\/textarea><\/span>\n\t<\/p>\n<\/div>\n<div class=\"col-lg-4 col-md-4 col-sm-4 col-xs-12\">\n\t<p><span class=\"wpcf7-form-control-wrap\" data-name=\"job\"><input size=\"40\" maxlength=\"400\" class=\"wpcf7-form-control wpcf7-text wpcf7-validates-as-required\" aria-required=\"true\" aria-invalid=\"false\" placeholder=\"Uzmanl\u0131k Alan\u0131\" value=\"\" type=\"text\" name=\"job\" \/><\/span>\n\t<\/p>\n<\/div>\n<div class=\"col-lg-4 col-md-4 col-sm-4 col-xs-12\">\n\t<p><span class=\"wpcf7-form-control-wrap\" data-name=\"Last-Graduated-School\"><input size=\"40\" maxlength=\"400\" class=\"wpcf7-form-control wpcf7-text wpcf7-validates-as-required\" aria-required=\"true\" aria-invalid=\"false\" placeholder=\"Mezun Oldu\u011funuz Okul\" value=\"\" type=\"text\" name=\"Last-Graduated-School\" \/><\/span>\n\t<\/p>\n<\/div>\n<div class=\"col-lg-4 col-md-4 col-sm-4 col-xs-12\">\n\t<p><span class=\"wpcf7-form-control-wrap\" data-name=\"Most-Recent-Graduated-Department\"><input size=\"40\" maxlength=\"400\" class=\"wpcf7-form-control wpcf7-text wpcf7-validates-as-required\" aria-required=\"true\" aria-invalid=\"false\" placeholder=\"B\u00f6l\u00fcm\u00fcn\u00fcz\" value=\"\" type=\"text\" name=\"Most-Recent-Graduated-Department\" \/><\/span>\n\t<\/p>\n<\/div>\n<div class=\"col-lg-6 col-md-6 col-sm-6 col-xs-12\">\n\t<p><span class=\"wpcf7-form-control-wrap\" data-name=\"Preferred-Position\"><select class=\"wpcf7-form-control wpcf7-select wpcf7-validates-as-required\" aria-required=\"true\" aria-invalid=\"false\" name=\"Preferred-Position\"><option value=\"\">&#8212;L\u00fctfen bir se\u00e7enek se\u00e7in&#8212;<\/option><option value=\"Muhasebe\">Muhasebe<\/option><option value=\"Sat\u0131\u015f Pazarlama\">Sat\u0131\u015f Pazarlama<\/option><option value=\"Halkla \u0130li\u015fkiler\">Halkla \u0130li\u015fkiler<\/option><option value=\"Sekreter\">Sekreter<\/option><option value=\"Bili\u015fim Uzman\u0131\">Bili\u015fim Uzman\u0131<\/option><option value=\"Sosyal Medya Uzman\u0131\">Sosyal Medya Uzman\u0131<\/option><option value=\"Ar-Ge\">Ar-Ge<\/option><option value=\"Elektrik Personeli\">Elektrik Personeli<\/option><option value=\"Montaj Personeli\">Montaj Personeli<\/option><option value=\"Kaynak Personeli\">Kaynak Personeli<\/option><option value=\"Depo Eleman\u0131\">Depo Eleman\u0131<\/option><option value=\"Nakliye Eleman\u0131\">Nakliye Eleman\u0131<\/option><option value=\"Temizlik Eleman\u0131\">Temizlik Eleman\u0131<\/option><\/select><\/span>\n\t<\/p>\n<\/div>\n<div class=\"col-lg-6 col-md-6 col-sm-6 col-xs-12\">\n\t<p><span class=\"wpcf7-form-control-wrap\" data-name=\"Working-Style\"><select class=\"wpcf7-form-control wpcf7-select wpcf7-validates-as-required\" aria-required=\"true\" aria-invalid=\"false\" name=\"Working-Style\"><option value=\"\">&#8212;L\u00fctfen bir se\u00e7enek se\u00e7in&#8212;<\/option><option value=\"Tam Zamanl\u0131\">Tam Zamanl\u0131<\/option><option value=\"Yar\u0131 Zamanl\u0131\">Yar\u0131 Zamanl\u0131<\/option><option value=\"Esnek \u00c7al\u0131\u015fma\">Esnek \u00c7al\u0131\u015fma<\/option><\/select><\/span>\n\t<\/p>\n<\/div>\n<div class=\"col-lg-12 col-md-12 col-sm-12 col-xs-12\">\n\t<p><span class=\"wpcf7-form-control-wrap\" data-name=\"Current-Working-Status\"><select class=\"wpcf7-form-control wpcf7-select wpcf7-validates-as-required\" aria-required=\"true\" aria-invalid=\"false\" name=\"Current-Working-Status\"><option value=\"\">&#8212;L\u00fctfen bir se\u00e7enek se\u00e7in&#8212;<\/option><option value=\"Ben bir kamu \u00e7al\u0131\u015fan\u0131y\u0131m.\">Ben bir kamu \u00e7al\u0131\u015fan\u0131y\u0131m.<\/option><option value=\"Tam zamanl\u0131 bir \u00e7al\u0131\u015fan\u0131m.\">Tam zamanl\u0131 bir \u00e7al\u0131\u015fan\u0131m.<\/option><option value=\"Yar\u0131 Zamanl\u0131 bir \u00e7al\u0131\u015fan\u0131m.\">Yar\u0131 Zamanl\u0131 bir \u00e7al\u0131\u015fan\u0131m.<\/option><option value=\"Ben \u00e7al\u0131\u015fm\u0131yorum.\">Ben \u00e7al\u0131\u015fm\u0131yorum.<\/option><\/select><\/span>\n\t<\/p>\n<\/div>\n<div class=\"col-lg-12 col-md-12 col-sm-12 col-xs-12\">\n\t<p>CV <span class=\"wpcf7-form-control-wrap\" data-name=\"file-cv\"><input size=\"40\" class=\"wpcf7-form-control wpcf7-file\" accept=\".docx,.pdf,.doc\" aria-invalid=\"false\" type=\"file\" name=\"file-cv\" \/><\/span>\n\t<\/p>\n<\/div>\n<p><a href=\"https:\/\/mateksmakina.com\/tr\/kisisel-verilerin-korunmasi-kanunu\/\" title=\"Ki\u015fisel Veri \u0130\u015fleme Bildirimi Ayd\u0131nlatma Metni\" target=\"_blank\"><strong>Ki\u015fisel Veri \u0130\u015fleme Bildirimi Ayd\u0131nlatma Metni<\/strong><\/a>'ni okudum, anlad\u0131m ve onayl\u0131yorum.\n<\/p>\n<p><span class=\"wpcf7-form-control-wrap\" data-name=\"checkbox-145\"><span class=\"wpcf7-form-control wpcf7-checkbox wpcf7-validates-as-required\"><span class=\"wpcf7-list-item first last\"><label><input type=\"checkbox\" name=\"checkbox-145[]\" value=\"Ki\u015fisel Veri \u0130\u015fleme Bildirimi\" \/><span class=\"wpcf7-list-item-label\">Ki\u015fisel Veri \u0130\u015fleme Bildirimi<\/span><\/label><\/span><\/span><\/span>\n<\/p>\n<div class=\"col-lg-12 col-md-12 col-sm-12 col-xs-12\">\n\t<p><input class=\"wpcf7-form-control wpcf7-submit has-spinner\" type=\"submit\" value=\"G\u00d6NDER\" \/>\n\t<\/p>\n<\/div><div class=\"wpcf7-response-output\" aria-hidden=\"true\"><\/div>\n<\/form>\n<\/div>\n                <\/div>\n                \t\t\t\t<\/div>\n\t\t\t\t<\/div>\n\t\t\t\t\t<\/div>\n\t\t<\/div>\n\t\t\t\t\t<\/div>\n\t\t<\/section>\n\t\t\t\t\t<\/div>\n\t\t<\/div>\n\t\t\t\t\t<\/div>\n\t\t<\/section>\n\t\t\t\t<\/div>\n\t\t","protected":false},"excerpt":{"rendered":"<p>Kariyer &#8212;Please choose an option&#8212;AccountingSales and MarketingPublic RelationsSecretaryIT ExpertSocial Media ExpertR&amp;DElectrical PersonnelAssembly PersonnelWelding PersonnelStorage StaffTransportation StaffCleaning Staff &#8212;Please choose an option&#8212;Full timePart timeFlexible Working &#8212;Please choose an option&#8212;I&#039;m a public employee.I am a full time employee.I&#039;m a part Time employee.I am not working. CV Ki\u015fisel&#8230;<\/p>\n","protected":false},"author":2,"featured_media":0,"parent":0,"menu_order":0,"comment_status":"closed","ping_status":"closed","template":"","meta":{"footnotes":""},"class_list":["post-9092","page","type-page","status-publish","hentry"],"yoast_head":"<!-- This site is optimized with the Yoast SEO plugin v27.4 - https:\/\/yoast.com\/product\/yoast-seo-wordpress\/ -->\n<title>\u0130nsan Kaynaklar\u0131 | Mateks Makina<\/title>\n<meta name=\"description\" content=\"\u0130nsan Kaynaklar\u0131 | Mateks Makina\" \/>\n<meta name=\"robots\" content=\"index, follow, max-snippet:-1, max-image-preview:large, max-video-preview:-1\" \/>\n<link rel=\"canonical\" href=\"https:\/\/mateksmakina.com\/tr\/insan-kaynaklari\/\" \/>\n<meta property=\"og:locale\" content=\"tr_TR\" \/>\n<meta property=\"og:type\" content=\"article\" \/>\n<meta property=\"og:title\" content=\"\u0130nsan Kaynaklar\u0131 | Mateks Makina\" \/>\n<meta property=\"og:description\" content=\"\u0130nsan Kaynaklar\u0131 | Mateks Makina\" \/>\n<meta property=\"og:url\" content=\"https:\/\/mateksmakina.com\/tr\/insan-kaynaklari\/\" \/>\n<meta property=\"og:site_name\" content=\"Mateks Machine\" \/>\n<meta property=\"article:publisher\" content=\"https:\/\/www.facebook.com\/mateksmakinasanayi\/\" \/>\n<meta property=\"article:modified_time\" content=\"2023-08-03T19:28:02+00:00\" \/>\n<meta property=\"og:image\" content=\"https:\/\/mateksmakina.com\/wp-content\/uploads\/2023\/05\/Mateks-Makine.jpg\" \/>\n\t<meta property=\"og:image:width\" content=\"1200\" \/>\n\t<meta property=\"og:image:height\" content=\"675\" \/>\n\t<meta property=\"og:image:type\" content=\"image\/jpeg\" \/>\n<meta name=\"twitter:card\" content=\"summary_large_image\" \/>\n<meta name=\"twitter:label1\" content=\"Tahmini okuma s\u00fcresi\" \/>\n\t<meta name=\"twitter:data1\" content=\"1 dakika\" \/>\n<script type=\"application\/ld+json\" class=\"yoast-schema-graph\">{\"@context\":\"https:\\\/\\\/schema.org\",\"@graph\":[{\"@type\":\"WebPage\",\"@id\":\"https:\\\/\\\/mateksmakina.com\\\/tr\\\/insan-kaynaklari\\\/\",\"url\":\"https:\\\/\\\/mateksmakina.com\\\/tr\\\/insan-kaynaklari\\\/\",\"name\":\"\u0130nsan Kaynaklar\u0131 | Mateks Makina\",\"isPartOf\":{\"@id\":\"https:\\\/\\\/mateksmakina.com\\\/#website\"},\"datePublished\":\"2022-11-22T08:18:05+00:00\",\"dateModified\":\"2023-08-03T19:28:02+00:00\",\"description\":\"\u0130nsan Kaynaklar\u0131 | Mateks Makina\",\"breadcrumb\":{\"@id\":\"https:\\\/\\\/mateksmakina.com\\\/tr\\\/insan-kaynaklari\\\/#breadcrumb\"},\"inLanguage\":\"tr\",\"potentialAction\":[{\"@type\":\"ReadAction\",\"target\":[\"https:\\\/\\\/mateksmakina.com\\\/tr\\\/insan-kaynaklari\\\/\"]}]},{\"@type\":\"BreadcrumbList\",\"@id\":\"https:\\\/\\\/mateksmakina.com\\\/tr\\\/insan-kaynaklari\\\/#breadcrumb\",\"itemListElement\":[{\"@type\":\"ListItem\",\"position\":1,\"name\":\"Mateks\",\"item\":\"https:\\\/\\\/mateksmakina.com\\\/tr\\\/\"},{\"@type\":\"ListItem\",\"position\":2,\"name\":\"\u0130nsan Kaynaklar\u0131\"}]},{\"@type\":\"WebSite\",\"@id\":\"https:\\\/\\\/mateksmakina.com\\\/#website\",\"url\":\"https:\\\/\\\/mateksmakina.com\\\/\",\"name\":\"Mateks Machine\",\"description\":\"Dough Filled Mateks\",\"publisher\":{\"@id\":\"https:\\\/\\\/mateksmakina.com\\\/#organization\"},\"alternateName\":\"Mateks Makine\",\"potentialAction\":[{\"@type\":\"SearchAction\",\"target\":{\"@type\":\"EntryPoint\",\"urlTemplate\":\"https:\\\/\\\/mateksmakina.com\\\/?s={search_term_string}\"},\"query-input\":{\"@type\":\"PropertyValueSpecification\",\"valueRequired\":true,\"valueName\":\"search_term_string\"}}],\"inLanguage\":\"tr\"},{\"@type\":\"Organization\",\"@id\":\"https:\\\/\\\/mateksmakina.com\\\/#organization\",\"name\":\"Mateks Makine\",\"alternateName\":\"Mateks Makine\",\"url\":\"https:\\\/\\\/mateksmakina.com\\\/\",\"logo\":{\"@type\":\"ImageObject\",\"inLanguage\":\"tr\",\"@id\":\"https:\\\/\\\/mateksmakina.com\\\/#\\\/schema\\\/logo\\\/image\\\/\",\"url\":\"https:\\\/\\\/mateksmakina.com\\\/wp-content\\\/uploads\\\/2022\\\/11\\\/mateks-makina-logo.png\",\"contentUrl\":\"https:\\\/\\\/mateksmakina.com\\\/wp-content\\\/uploads\\\/2022\\\/11\\\/mateks-makina-logo.png\",\"width\":564,\"height\":133,\"caption\":\"Mateks Makine\"},\"image\":{\"@id\":\"https:\\\/\\\/mateksmakina.com\\\/#\\\/schema\\\/logo\\\/image\\\/\"},\"sameAs\":[\"https:\\\/\\\/www.facebook.com\\\/mateksmakinasanayi\\\/\",\"https:\\\/\\\/www.instagram.com\\\/mateksmakina\\\/\",\"https:\\\/\\\/www.youtube.com\\\/user\\\/mateksmakina\"]}]}<\/script>\n<!-- \/ Yoast SEO plugin. -->","yoast_head_json":{"title":"\u0130nsan Kaynaklar\u0131 | Mateks Makina","description":"\u0130nsan Kaynaklar\u0131 | Mateks Makina","robots":{"index":"index","follow":"follow","max-snippet":"max-snippet:-1","max-image-preview":"max-image-preview:large","max-video-preview":"max-video-preview:-1"},"canonical":"https:\/\/mateksmakina.com\/tr\/insan-kaynaklari\/","og_locale":"tr_TR","og_type":"article","og_title":"\u0130nsan Kaynaklar\u0131 | Mateks Makina","og_description":"\u0130nsan Kaynaklar\u0131 | Mateks Makina","og_url":"https:\/\/mateksmakina.com\/tr\/insan-kaynaklari\/","og_site_name":"Mateks Machine","article_publisher":"https:\/\/www.facebook.com\/mateksmakinasanayi\/","article_modified_time":"2023-08-03T19:28:02+00:00","og_image":[{"width":1200,"height":675,"url":"https:\/\/mateksmakina.com\/wp-content\/uploads\/2023\/05\/Mateks-Makine.jpg","type":"image\/jpeg"}],"twitter_card":"summary_large_image","twitter_misc":{"Tahmini okuma s\u00fcresi":"1 dakika"},"schema":{"@context":"https:\/\/schema.org","@graph":[{"@type":"WebPage","@id":"https:\/\/mateksmakina.com\/tr\/insan-kaynaklari\/","url":"https:\/\/mateksmakina.com\/tr\/insan-kaynaklari\/","name":"\u0130nsan Kaynaklar\u0131 | Mateks Makina","isPartOf":{"@id":"https:\/\/mateksmakina.com\/#website"},"datePublished":"2022-11-22T08:18:05+00:00","dateModified":"2023-08-03T19:28:02+00:00","description":"\u0130nsan Kaynaklar\u0131 | Mateks Makina","breadcrumb":{"@id":"https:\/\/mateksmakina.com\/tr\/insan-kaynaklari\/#breadcrumb"},"inLanguage":"tr","potentialAction":[{"@type":"ReadAction","target":["https:\/\/mateksmakina.com\/tr\/insan-kaynaklari\/"]}]},{"@type":"BreadcrumbList","@id":"https:\/\/mateksmakina.com\/tr\/insan-kaynaklari\/#breadcrumb","itemListElement":[{"@type":"ListItem","position":1,"name":"Mateks","item":"https:\/\/mateksmakina.com\/tr\/"},{"@type":"ListItem","position":2,"name":"\u0130nsan Kaynaklar\u0131"}]},{"@type":"WebSite","@id":"https:\/\/mateksmakina.com\/#website","url":"https:\/\/mateksmakina.com\/","name":"Mateks Machine","description":"Dough Filled Mateks","publisher":{"@id":"https:\/\/mateksmakina.com\/#organization"},"alternateName":"Mateks Makine","potentialAction":[{"@type":"SearchAction","target":{"@type":"EntryPoint","urlTemplate":"https:\/\/mateksmakina.com\/?s={search_term_string}"},"query-input":{"@type":"PropertyValueSpecification","valueRequired":true,"valueName":"search_term_string"}}],"inLanguage":"tr"},{"@type":"Organization","@id":"https:\/\/mateksmakina.com\/#organization","name":"Mateks Makine","alternateName":"Mateks Makine","url":"https:\/\/mateksmakina.com\/","logo":{"@type":"ImageObject","inLanguage":"tr","@id":"https:\/\/mateksmakina.com\/#\/schema\/logo\/image\/","url":"https:\/\/mateksmakina.com\/wp-content\/uploads\/2022\/11\/mateks-makina-logo.png","contentUrl":"https:\/\/mateksmakina.com\/wp-content\/uploads\/2022\/11\/mateks-makina-logo.png","width":564,"height":133,"caption":"Mateks Makine"},"image":{"@id":"https:\/\/mateksmakina.com\/#\/schema\/logo\/image\/"},"sameAs":["https:\/\/www.facebook.com\/mateksmakinasanayi\/","https:\/\/www.instagram.com\/mateksmakina\/","https:\/\/www.youtube.com\/user\/mateksmakina"]}]}},"_links":{"self":[{"href":"https:\/\/mateksmakina.com\/tr\/wp-json\/wp\/v2\/pages\/9092","targetHints":{"allow":["GET"]}}],"collection":[{"href":"https:\/\/mateksmakina.com\/tr\/wp-json\/wp\/v2\/pages"}],"about":[{"href":"https:\/\/mateksmakina.com\/tr\/wp-json\/wp\/v2\/types\/page"}],"author":[{"embeddable":true,"href":"https:\/\/mateksmakina.com\/tr\/wp-json\/wp\/v2\/users\/2"}],"replies":[{"embeddable":true,"href":"https:\/\/mateksmakina.com\/tr\/wp-json\/wp\/v2\/comments?post=9092"}],"version-history":[{"count":0,"href":"https:\/\/mateksmakina.com\/tr\/wp-json\/wp\/v2\/pages\/9092\/revisions"}],"wp:attachment":[{"href":"https:\/\/mateksmakina.com\/tr\/wp-json\/wp\/v2\/media?parent=9092"}],"curies":[{"name":"wp","href":"https:\/\/api.w.org\/{rel}","templated":true}]}}