{"id":8259,"date":"2016-05-23T12:03:26","date_gmt":"2016-05-23T12:03:26","guid":{"rendered":"https:\/\/mateksmakina.com\/corporate\/"},"modified":"2023-01-28T20:10:45","modified_gmt":"2023-01-28T20:10:45","slug":"kurumsal","status":"publish","type":"page","link":"https:\/\/mateksmakina.com\/tr\/kurumsal\/","title":{"rendered":"Kurumsal"},"content":{"rendered":"\t\t<div data-elementor-type=\"wp-page\" data-elementor-id=\"8259\" class=\"elementor elementor-8259 elementor-4084\" data-elementor-settings=\"{&quot;ha_cmc_init_switcher&quot;:&quot;no&quot;}\">\n\t\t\t\t\t\t<section class=\"elementor-section elementor-top-section elementor-element elementor-element-1fd4cb6 elementor-section-stretched elementor-section-content-middle elementor-section-boxed elementor-section-height-default elementor-section-height-default\" data-id=\"1fd4cb6\" data-element_type=\"section\" data-e-type=\"section\" data-settings=\"{&quot;stretch_section&quot;:&quot;section-stretched&quot;,&quot;background_background&quot;:&quot;classic&quot;,&quot;_ha_eqh_enable&quot;:false}\">\n\t\t\t\t\t\t<div class=\"elementor-container elementor-column-gap-default\">\n\t\t\t\t\t<div class=\"elementor-column elementor-col-33 elementor-top-column elementor-element elementor-element-fd32f9a\" data-id=\"fd32f9a\" data-element_type=\"column\" data-e-type=\"column\">\n\t\t\t<div class=\"elementor-widget-wrap elementor-element-populated\">\n\t\t\t\t\t\t<div class=\"elementor-element elementor-element-6ea7511 elementor-widget elementor-widget-heading\" data-id=\"6ea7511\" data-element_type=\"widget\" data-e-type=\"widget\" data-widget_type=\"heading.default\">\n\t\t\t\t<div class=\"elementor-widget-container\">\n\t\t\t\t\t<h1 class=\"elementor-heading-title elementor-size-default\">40 YILI A\u015eAN BA\u015eARI DOLU GE\u00c7M\u0130\u015e<\/h1>\t\t\t\t<\/div>\n\t\t\t\t<\/div>\n\t\t\t\t\t<\/div>\n\t\t<\/div>\n\t\t\t\t<div class=\"elementor-column elementor-col-66 elementor-top-column elementor-element elementor-element-872529d\" data-id=\"872529d\" data-element_type=\"column\" data-e-type=\"column\">\n\t\t\t<div class=\"elementor-widget-wrap\">\n\t\t\t\t\t\t\t<\/div>\n\t\t<\/div>\n\t\t\t\t\t<\/div>\n\t\t<\/section>\n\t\t\t\t<section class=\"elementor-section elementor-top-section elementor-element elementor-element-9c55c6d elementor-section-content-middle elementor-section-boxed elementor-section-height-default elementor-section-height-default\" data-id=\"9c55c6d\" data-element_type=\"section\" data-e-type=\"section\" data-settings=\"{&quot;_ha_eqh_enable&quot;:false}\">\n\t\t\t\t\t\t<div class=\"elementor-container elementor-column-gap-default\">\n\t\t\t\t\t<div class=\"elementor-column elementor-col-100 elementor-top-column elementor-element elementor-element-315abcc\" data-id=\"315abcc\" data-element_type=\"column\" data-e-type=\"column\">\n\t\t\t<div class=\"elementor-widget-wrap elementor-element-populated\">\n\t\t\t\t\t\t<div class=\"elementor-element elementor-element-2520e57 elementor-widget elementor-widget-heading\" data-id=\"2520e57\" data-element_type=\"widget\" data-e-type=\"widget\" data-widget_type=\"heading.default\">\n\t\t\t\t<div class=\"elementor-widget-container\">\n\t\t\t\t\t<h2 class=\"elementor-heading-title elementor-size-default\">MATEKS MAK\u0130NA HAKKINDA<\/h2>\t\t\t\t<\/div>\n\t\t\t\t<\/div>\n\t\t\t\t<div class=\"elementor-element elementor-element-94e99d4 elementor-widget elementor-widget-text-editor\" data-id=\"94e99d4\" data-element_type=\"widget\" data-e-type=\"widget\" data-widget_type=\"text-editor.default\">\n\t\t\t\t<div class=\"elementor-widget-container\">\n\t\t\t\t\t\t\t\t\t<p class=\"s3\">Mateks Makine ve Yedek Par\u00e7a Sanayi hamur i\u015fleyen makine sekt\u00f6r\u00fcn\u00fcn makine ihtiyac\u0131na cevap verebilmek i\u00e7in kurulmu\u015ftur. Bu sekt\u00f6rde 40 y\u0131l\u0131 a\u015fan ba\u015far\u0131l\u0131 bir ge\u00e7mi\u015fe sahip olan firmam\u0131z y\u0131llar\u0131n tecr\u00fcbesi ve birikimiyle sekt\u00f6rde aran\u0131lan ve dan\u0131\u015f\u0131lan firma haline gelmi\u015ftir.<\/p><p class=\"s3\">Firmam\u0131z, 8500 m\u00b2 kapal\u0131 alan \u00fczerinde faaliyetlerini s\u00fcrd\u00fcrmekte ve en son teknolojiyi kullanarak imalat yapmaktad\u0131r. \u00dcretimimizi b\u00fcnyemizde istihdam etti\u011fimiz Makine Y\u00fcksek M\u00fchendisleri, Makine Resim Konstr\u00fcksiyon Teknikerleri, Elektrik Teknikerleri, Usta \u00d6\u011fretici ve alan\u0131nda deneyimli uzman kadromuzla ger\u00e7ekle\u015ftirmekteyiz.<\/p><p class=\"s3\">Mateks Makine olarak m\u00fc\u015fteri memnuniyetini her zaman \u00f6n planda tuttuk. Sat\u0131\u015f \u00f6ncesi ve sonras\u0131 hizmetlerimizle sekt\u00f6rdeki yerimizi her ge\u00e7en g\u00fcn daha da sa\u011flamla\u015ft\u0131rd\u0131k ve global anlamda tercih edilen bir marka olduk. Firmam\u0131z\u0131n bu ba\u015far\u0131ya ula\u015fmas\u0131ndaki en b\u00fcy\u00fck etkenin sekt\u00f6r\u00fcn sorunlar\u0131n\u0131, m\u00fc\u015fterilerimizin beklentilerini \u00e7ok yak\u0131ndan takip etmek ve yenilik\u00e7i vizyonumuz do\u011frultusunda i\u015fe yarayan \u00e7\u00f6z\u00fcmler \u00fcretmemiz oldu\u011funu biliyoruz. Bu vizyonla da \u00e7al\u0131\u015fma ve kalite anlay\u0131\u015f\u0131m\u0131z\u0131 artan bir performansla devam ettiriyoruz.<\/p><p class=\"s3\">T\u00fcrkiye\u2019nin ve d\u00fcnyan\u0131n ba\u015far\u0131l\u0131 kurulu\u015flar\u0131ndan birisi haline gelen Mateks Makinemarkam\u0131zla sizlere en kaliteliyi en uygun fiyata sunma gayesinde \u00e7al\u0131\u015f\u0131yoruz. Biz her zaman bu \u00e7al\u0131\u015fma prensibi ve ahlak anlay\u0131\u015f\u0131 do\u011frultusunda hizmet vermeye \u00f6zen g\u00f6sterdik ve g\u00f6stermeye devam ediyoruz. Hizmet sundu\u011fumuz <span class=\"s2\">Hamur Makineleri<\/span> \u00fcretimi konusunda standartlara uyan, m\u00fc\u015fterisinin yan\u0131nda olan ve s\u00fcrekli geli\u015fim d\u00fcsturuyla \u00f6rnek bir marka olmaya d\u00fcn oldu\u011fumuz gibi yar\u0131n da devam edece\u011fiz.<\/p>\t\t\t\t\t\t\t\t<\/div>\n\t\t\t\t<\/div>\n\t\t\t\t\t<\/div>\n\t\t<\/div>\n\t\t\t\t\t<\/div>\n\t\t<\/section>\n\t\t\t\t<section class=\"elementor-section elementor-top-section elementor-element elementor-element-5b68b33 elementor-section-boxed elementor-section-height-default elementor-section-height-default\" data-id=\"5b68b33\" data-element_type=\"section\" data-e-type=\"section\" data-settings=\"{&quot;_ha_eqh_enable&quot;:false}\">\n\t\t\t\t\t\t<div class=\"elementor-container elementor-column-gap-default\">\n\t\t\t\t\t<div class=\"elementor-column elementor-col-100 elementor-top-column elementor-element elementor-element-87b2b8f\" data-id=\"87b2b8f\" data-element_type=\"column\" data-e-type=\"column\">\n\t\t\t<div class=\"elementor-widget-wrap elementor-element-populated\">\n\t\t\t\t\t\t<div class=\"elementor-element elementor-element-b74e2ed elementor-widget elementor-widget-text-editor\" data-id=\"b74e2ed\" data-element_type=\"widget\" data-e-type=\"widget\" data-widget_type=\"text-editor.default\">\n\t\t\t\t<div class=\"elementor-widget-container\">\n\t\t\t\t\t\t\t\t\t<h3>AR-GE &amp; \u0130LKELER\u0130M\u0130Z<\/h3><h4><strong>AR-GE<\/strong><\/h4><p class=\"s8\"><span class=\"s7\">Firmam\u0131z AR-GE departman\u0131yla d\u00fcnyadaki son geli\u015fmeleri takip etmekte ve T\u00fcrk teknolojisiyle harmanlay\u0131p yeni \u00fcr\u00fcnleri ve \u00e7\u00f6z\u00fcmleri sekt\u00f6re sunmaktad\u0131r.<\/span><\/p><h4><strong>\u0130LKEM\u0130Z<\/strong><\/h4><p class=\"s9\"><span class=\"s7\">T\u00fcrk Makin<\/span><span class=\"s7\">e<\/span><span class=\"s7\"> ve M\u00fchendislik anlay\u0131\u015f\u0131n\u0131 d\u00fcnya pazar\u0131nda tan\u0131tmak, T\u00fcrk G\u0131da Sekt\u00f6r\u00fcn\u00fcn; d\u00fcnya g\u0131da kodeksine uygun (HACCP) ve hijyen <\/span><span class=\"s7\">mamuller<\/span><span class=\"s7\"> \u00fcreterek \u00e7\u0131tas\u0131n\u0131 y\u00fckseltmek, d\u00fcnyaya makina satarak \u00fclkemizden \u00e7\u0131kan d\u00f6viz kay\u0131plar\u0131n\u0131 \u00f6nleyip \u00fclkemize d\u00f6viz girdisi sa\u011flamakt\u0131r.<\/span><span class=\"s7\"><br \/><\/span><span class=\"s7\">Firmam\u0131z sadece sat\u0131\u015f ve kazanc\u0131 d\u00fc\u015f\u00fcnmemektedir. Hedefimiz; sizlerin sorununa ortak olup sizler i\u00e7in \u00e7\u00f6z\u00fcmler \u00fcretmektir. Yeni yat\u0131r\u0131mlar\u0131n\u0131zda mutlaka bizlere dan\u0131\u015f\u0131n\u0131z. Fabrika binan\u0131z\u0131 ve makina dizili\u015f parkurunu tecr\u00fcbeli ekibimizle \u00fccretsiz olarak projelendirelim.<\/span><\/p><p class=\"s9\"><span class=\"s7\">Bahsetti\u011fimiz projelendirmeler Avrupa Birli\u011fi\u2019ne \u00dcyeli\u011fimizin s\u00f6z konusu oldu\u011fu \u015fu g\u00fcnlerde zorunlu hale gelecek olan HACCP belgelerinde sizlere kolayl\u0131klar sunacak, hi\u00e7bir tadilat gerektirmeden vakit ve nakit tasarrufu sa\u011flayacakt\u0131r.<\/span><\/p><p class=\"s9\"><span class=\"s7\">ISO 9001-2000 &amp; CE &amp; TSEK belgelerine sahip olan firmam\u0131z \u00fcretimini Avrupa standartlar\u0131nda ger\u00e7ekle\u015ftirirken kalitesinden hi\u00e7bir \u00f6d\u00fcn vermeden sizlerin hizmetine sunmaktad\u0131r.<\/span><span class=\"s7\"><br \/><\/span><span class=\"s7\">Sekt\u00f6rdeki sorunlar\u0131n\u0131za \u00e7\u00f6z\u00fcm \u00fcretebilmek, katk\u0131da bulunabilmek, \u00f6neriler getirmek ve uzun y\u0131llar birlikte \u00e7al\u0131\u015fmak dile\u011fiyle\u2026<\/span><\/p><p class=\"s10\"><span class=\"s7\">Hay\u0131rl\u0131 ve bereketli kazan\u00e7lar dilerim.<\/span><span class=\"s7\"><br \/><\/span><strong><span class=\"s6\">Dursun BAL<\/span><\/strong><\/p>\t\t\t\t\t\t\t\t<\/div>\n\t\t\t\t<\/div>\n\t\t\t\t\t<\/div>\n\t\t<\/div>\n\t\t\t\t\t<\/div>\n\t\t<\/section>\n\t\t\t\t<\/div>\n\t\t","protected":false},"excerpt":{"rendered":"<p>40 YILI A\u015eAN BA\u015eARI DOLU GE\u00c7M\u0130\u015e MATEKS MAK\u0130NA HAKKINDA Mateks Makine ve Yedek Par\u00e7a Sanayi hamur i\u015fleyen makine sekt\u00f6r\u00fcn\u00fcn makine ihtiyac\u0131na cevap verebilmek i\u00e7in kurulmu\u015ftur. Bu sekt\u00f6rde 40 y\u0131l\u0131 a\u015fan ba\u015far\u0131l\u0131 bir ge\u00e7mi\u015fe sahip olan firmam\u0131z y\u0131llar\u0131n tecr\u00fcbesi ve birikimiyle sekt\u00f6rde aran\u0131lan ve dan\u0131\u015f\u0131lan firma&#8230;<\/p>\n","protected":false},"author":2,"featured_media":0,"parent":0,"menu_order":0,"comment_status":"closed","ping_status":"closed","template":"","meta":{"footnotes":""},"class_list":["post-8259","page","type-page","status-publish","hentry"],"yoast_head":"<!-- This site is optimized with the Yoast SEO plugin v27.4 - https:\/\/yoast.com\/product\/yoast-seo-wordpress\/ -->\n<title>Kurumsal | Mateks Machine<\/title>\n<meta name=\"robots\" content=\"index, follow, max-snippet:-1, max-image-preview:large, max-video-preview:-1\" \/>\n<link rel=\"canonical\" href=\"https:\/\/mateksmakina.com\/tr\/kurumsal\/\" \/>\n<meta property=\"og:locale\" content=\"tr_TR\" \/>\n<meta property=\"og:type\" content=\"article\" \/>\n<meta property=\"og:title\" content=\"Kurumsal | Mateks Machine\" \/>\n<meta property=\"og:description\" content=\"40 YILI A\u015eAN BA\u015eARI DOLU GE\u00c7M\u0130\u015e MATEKS MAK\u0130NA HAKKINDA Mateks Makine ve Yedek Par\u00e7a Sanayi hamur i\u015fleyen makine sekt\u00f6r\u00fcn\u00fcn makine ihtiyac\u0131na cevap verebilmek i\u00e7in kurulmu\u015ftur. Bu sekt\u00f6rde 40 y\u0131l\u0131 a\u015fan ba\u015far\u0131l\u0131 bir ge\u00e7mi\u015fe sahip olan firmam\u0131z y\u0131llar\u0131n tecr\u00fcbesi ve birikimiyle sekt\u00f6rde aran\u0131lan ve dan\u0131\u015f\u0131lan firma...\" \/>\n<meta property=\"og:url\" content=\"https:\/\/mateksmakina.com\/tr\/kurumsal\/\" \/>\n<meta property=\"og:site_name\" content=\"Mateks Machine\" \/>\n<meta property=\"article:publisher\" content=\"https:\/\/www.facebook.com\/mateksmakinasanayi\/\" \/>\n<meta property=\"article:modified_time\" content=\"2023-01-28T20:10:45+00:00\" \/>\n<meta property=\"og:image\" content=\"https:\/\/mateksmakina.com\/wp-content\/uploads\/2023\/05\/Mateks-Makine.jpg\" \/>\n\t<meta property=\"og:image:width\" content=\"1200\" \/>\n\t<meta property=\"og:image:height\" content=\"675\" \/>\n\t<meta property=\"og:image:type\" content=\"image\/jpeg\" \/>\n<meta name=\"twitter:card\" content=\"summary_large_image\" \/>\n<meta name=\"twitter:label1\" content=\"Tahmini okuma s\u00fcresi\" \/>\n\t<meta name=\"twitter:data1\" content=\"3 dakika\" \/>\n<script type=\"application\/ld+json\" class=\"yoast-schema-graph\">{\"@context\":\"https:\\\/\\\/schema.org\",\"@graph\":[{\"@type\":\"WebPage\",\"@id\":\"https:\\\/\\\/mateksmakina.com\\\/tr\\\/kurumsal\\\/\",\"url\":\"https:\\\/\\\/mateksmakina.com\\\/tr\\\/kurumsal\\\/\",\"name\":\"Kurumsal | Mateks Machine\",\"isPartOf\":{\"@id\":\"https:\\\/\\\/mateksmakina.com\\\/#website\"},\"datePublished\":\"2016-05-23T12:03:26+00:00\",\"dateModified\":\"2023-01-28T20:10:45+00:00\",\"breadcrumb\":{\"@id\":\"https:\\\/\\\/mateksmakina.com\\\/tr\\\/kurumsal\\\/#breadcrumb\"},\"inLanguage\":\"tr\",\"potentialAction\":[{\"@type\":\"ReadAction\",\"target\":[\"https:\\\/\\\/mateksmakina.com\\\/tr\\\/kurumsal\\\/\"]}]},{\"@type\":\"BreadcrumbList\",\"@id\":\"https:\\\/\\\/mateksmakina.com\\\/tr\\\/kurumsal\\\/#breadcrumb\",\"itemListElement\":[{\"@type\":\"ListItem\",\"position\":1,\"name\":\"Mateks\",\"item\":\"https:\\\/\\\/mateksmakina.com\\\/tr\\\/\"},{\"@type\":\"ListItem\",\"position\":2,\"name\":\"Kurumsal\"}]},{\"@type\":\"WebSite\",\"@id\":\"https:\\\/\\\/mateksmakina.com\\\/#website\",\"url\":\"https:\\\/\\\/mateksmakina.com\\\/\",\"name\":\"Mateks Machine\",\"description\":\"Dough Filled Mateks\",\"publisher\":{\"@id\":\"https:\\\/\\\/mateksmakina.com\\\/#organization\"},\"alternateName\":\"Mateks Makine\",\"potentialAction\":[{\"@type\":\"SearchAction\",\"target\":{\"@type\":\"EntryPoint\",\"urlTemplate\":\"https:\\\/\\\/mateksmakina.com\\\/?s={search_term_string}\"},\"query-input\":{\"@type\":\"PropertyValueSpecification\",\"valueRequired\":true,\"valueName\":\"search_term_string\"}}],\"inLanguage\":\"tr\"},{\"@type\":\"Organization\",\"@id\":\"https:\\\/\\\/mateksmakina.com\\\/#organization\",\"name\":\"Mateks Makine\",\"alternateName\":\"Mateks Makine\",\"url\":\"https:\\\/\\\/mateksmakina.com\\\/\",\"logo\":{\"@type\":\"ImageObject\",\"inLanguage\":\"tr\",\"@id\":\"https:\\\/\\\/mateksmakina.com\\\/#\\\/schema\\\/logo\\\/image\\\/\",\"url\":\"https:\\\/\\\/mateksmakina.com\\\/wp-content\\\/uploads\\\/2022\\\/11\\\/mateks-makina-logo.png\",\"contentUrl\":\"https:\\\/\\\/mateksmakina.com\\\/wp-content\\\/uploads\\\/2022\\\/11\\\/mateks-makina-logo.png\",\"width\":564,\"height\":133,\"caption\":\"Mateks Makine\"},\"image\":{\"@id\":\"https:\\\/\\\/mateksmakina.com\\\/#\\\/schema\\\/logo\\\/image\\\/\"},\"sameAs\":[\"https:\\\/\\\/www.facebook.com\\\/mateksmakinasanayi\\\/\",\"https:\\\/\\\/www.instagram.com\\\/mateksmakina\\\/\",\"https:\\\/\\\/www.youtube.com\\\/user\\\/mateksmakina\"]}]}<\/script>\n<!-- \/ Yoast SEO plugin. -->","yoast_head_json":{"title":"Kurumsal | Mateks Machine","robots":{"index":"index","follow":"follow","max-snippet":"max-snippet:-1","max-image-preview":"max-image-preview:large","max-video-preview":"max-video-preview:-1"},"canonical":"https:\/\/mateksmakina.com\/tr\/kurumsal\/","og_locale":"tr_TR","og_type":"article","og_title":"Kurumsal | Mateks Machine","og_description":"40 YILI A\u015eAN BA\u015eARI DOLU GE\u00c7M\u0130\u015e MATEKS MAK\u0130NA HAKKINDA Mateks Makine ve Yedek Par\u00e7a Sanayi hamur i\u015fleyen makine sekt\u00f6r\u00fcn\u00fcn makine ihtiyac\u0131na cevap verebilmek i\u00e7in kurulmu\u015ftur. Bu sekt\u00f6rde 40 y\u0131l\u0131 a\u015fan ba\u015far\u0131l\u0131 bir ge\u00e7mi\u015fe sahip olan firmam\u0131z y\u0131llar\u0131n tecr\u00fcbesi ve birikimiyle sekt\u00f6rde aran\u0131lan ve dan\u0131\u015f\u0131lan firma...","og_url":"https:\/\/mateksmakina.com\/tr\/kurumsal\/","og_site_name":"Mateks Machine","article_publisher":"https:\/\/www.facebook.com\/mateksmakinasanayi\/","article_modified_time":"2023-01-28T20:10:45+00:00","og_image":[{"width":1200,"height":675,"url":"https:\/\/mateksmakina.com\/wp-content\/uploads\/2023\/05\/Mateks-Makine.jpg","type":"image\/jpeg"}],"twitter_card":"summary_large_image","twitter_misc":{"Tahmini okuma s\u00fcresi":"3 dakika"},"schema":{"@context":"https:\/\/schema.org","@graph":[{"@type":"WebPage","@id":"https:\/\/mateksmakina.com\/tr\/kurumsal\/","url":"https:\/\/mateksmakina.com\/tr\/kurumsal\/","name":"Kurumsal | Mateks Machine","isPartOf":{"@id":"https:\/\/mateksmakina.com\/#website"},"datePublished":"2016-05-23T12:03:26+00:00","dateModified":"2023-01-28T20:10:45+00:00","breadcrumb":{"@id":"https:\/\/mateksmakina.com\/tr\/kurumsal\/#breadcrumb"},"inLanguage":"tr","potentialAction":[{"@type":"ReadAction","target":["https:\/\/mateksmakina.com\/tr\/kurumsal\/"]}]},{"@type":"BreadcrumbList","@id":"https:\/\/mateksmakina.com\/tr\/kurumsal\/#breadcrumb","itemListElement":[{"@type":"ListItem","position":1,"name":"Mateks","item":"https:\/\/mateksmakina.com\/tr\/"},{"@type":"ListItem","position":2,"name":"Kurumsal"}]},{"@type":"WebSite","@id":"https:\/\/mateksmakina.com\/#website","url":"https:\/\/mateksmakina.com\/","name":"Mateks Machine","description":"Dough Filled Mateks","publisher":{"@id":"https:\/\/mateksmakina.com\/#organization"},"alternateName":"Mateks Makine","potentialAction":[{"@type":"SearchAction","target":{"@type":"EntryPoint","urlTemplate":"https:\/\/mateksmakina.com\/?s={search_term_string}"},"query-input":{"@type":"PropertyValueSpecification","valueRequired":true,"valueName":"search_term_string"}}],"inLanguage":"tr"},{"@type":"Organization","@id":"https:\/\/mateksmakina.com\/#organization","name":"Mateks Makine","alternateName":"Mateks Makine","url":"https:\/\/mateksmakina.com\/","logo":{"@type":"ImageObject","inLanguage":"tr","@id":"https:\/\/mateksmakina.com\/#\/schema\/logo\/image\/","url":"https:\/\/mateksmakina.com\/wp-content\/uploads\/2022\/11\/mateks-makina-logo.png","contentUrl":"https:\/\/mateksmakina.com\/wp-content\/uploads\/2022\/11\/mateks-makina-logo.png","width":564,"height":133,"caption":"Mateks Makine"},"image":{"@id":"https:\/\/mateksmakina.com\/#\/schema\/logo\/image\/"},"sameAs":["https:\/\/www.facebook.com\/mateksmakinasanayi\/","https:\/\/www.instagram.com\/mateksmakina\/","https:\/\/www.youtube.com\/user\/mateksmakina"]}]}},"_links":{"self":[{"href":"https:\/\/mateksmakina.com\/tr\/wp-json\/wp\/v2\/pages\/8259","targetHints":{"allow":["GET"]}}],"collection":[{"href":"https:\/\/mateksmakina.com\/tr\/wp-json\/wp\/v2\/pages"}],"about":[{"href":"https:\/\/mateksmakina.com\/tr\/wp-json\/wp\/v2\/types\/page"}],"author":[{"embeddable":true,"href":"https:\/\/mateksmakina.com\/tr\/wp-json\/wp\/v2\/users\/2"}],"replies":[{"embeddable":true,"href":"https:\/\/mateksmakina.com\/tr\/wp-json\/wp\/v2\/comments?post=8259"}],"version-history":[{"count":0,"href":"https:\/\/mateksmakina.com\/tr\/wp-json\/wp\/v2\/pages\/8259\/revisions"}],"wp:attachment":[{"href":"https:\/\/mateksmakina.com\/tr\/wp-json\/wp\/v2\/media?parent=8259"}],"curies":[{"name":"wp","href":"https:\/\/api.w.org\/{rel}","templated":true}]}}